{"id":2,"date":"2016-05-10T03:48:21","date_gmt":"2016-05-10T03:48:21","guid":{"rendered":"https:\/\/praxiskassi.ch\/?page_id=2"},"modified":"2025-01-25T18:04:21","modified_gmt":"2025-01-25T18:04:21","slug":"sample-page","status":"publish","type":"page","link":"https:\/\/praxiskassi.ch\/","title":{"rendered":"Ihre Hausartzpraxis im St. Johann Quartier"},"content":{"rendered":"\n<h2 class=\"wp-block-heading\">Herzlich willkommen in unserer k\u00fcrzlich er\u00f6ffneten Praxis Dr. Kassi!&nbsp;<\/h2>\n\n\n\n<p class=\"has-medium-font-size\"><br>Die Praxis Kassi ist eine auf dem neuesten Stand, modern ausger\u00fcstete Hausarztpraxis im St. Johanns Quartier.<\/p>\n\n\n\n<h2 class=\"wp-block-heading has-medium-font-size\"><strong>IHR WOHL IST UNSERE PRIORIT\u00c4T UND HERZENSANGELEGENHEIT!<\/strong><\/h2>\n\n\n\n<p class=\"has-medium-font-size\">Wir bieten Ihnen eine umfassende allgemeinmedizinische Betreuung unter Einbeziehung ihrer aktuellen pers\u00f6nlichen Situation und Lebensumst\u00e4nde.<\/p>\n\n\n\n<p class=\"has-medium-font-size\">Wir sind in ein gut organisiertes Netzwerk eingebunden und betreuen Patienten im Hausarztmodell.<\/p>\n\n\n\n<p class=\"has-medium-font-size\">Falls erforderlich werden wir gerne spezialisierte KollegenInnen konsultieren oder Sie ggf.an ein Spital verweisen.<\/p>\n\n\n\n<p class=\"has-medium-font-size\">Termine k\u00f6nnen zu entsprechenden Zeiten telefonisch vereinbart werden.<\/p>\n\n\n\n<p class=\"has-medium-font-size\">Ebenso stehen wir Ihnen selbstverst\u00e4ndlich f\u00fcr medizinische Anfragen und Ausk\u00fcnfte, ebenfalls telefonisch, zur Verf\u00fcgung.<\/p>\n\n\n\n<h2 class=\"wp-block-heading\"><strong>Verhalten im Notfall<\/strong><\/h2>\n\n\n\n<p class=\"has-medium-font-size\">Notf\u00e4lle treten meist in den ung\u00fcnstigsten Momenten ein.<\/p>\n\n\n\n<p class=\"has-medium-font-size\">Au\u00dferhalb der \u00d6ffnungszeiten der Praxis: <strong>medizinische Notfallzentrale<\/strong> <a href=\"Tel:0612611515\"><strong>061 261 15 15<\/strong><\/a><\/p>\n\n\n\n<p class=\"has-medium-font-size\">Bitte bewahren Sie Ruhe und leisten Sie, wenn m\u00f6glich, erste Hilfe.<\/p>\n\n\n\n<p class=\"has-medium-font-size\">Bei lebensbedrohlichen Notf\u00e4llen w\u00e4hlen Sie bitte sofort die <a href=\"Tel:144\"><strong>144<\/strong><\/a>!<\/p>\n","protected":false},"excerpt":{"rendered":"<p>Herzlich willkommen in unserer k\u00fcrzlich er\u00f6ffneten Praxis Dr. Kassi!&nbsp; Die Praxis Kassi ist eine auf dem neuesten Stand, modern ausger\u00fcstete Hausarztpraxis im St. Johanns Quartier. IHR WOHL IST UNSERE PRIORIT\u00c4T&hellip;<a href=\"https:\/\/praxiskassi.ch\/\" class=\"more-link\"><span class=\"more-button\">Continue reading<span class=\"screen-reader-text\">Ihre Hausartzpraxis im St. Johann Quartier<\/span><\/span><\/a><\/p>\n","protected":false},"author":1,"featured_media":0,"parent":0,"menu_order":0,"comment_status":"closed","ping_status":"open","template":"","meta":{"footnotes":""},"class_list":["post-2","page","type-page","status-publish","hentry"],"_links":{"self":[{"href":"https:\/\/praxiskassi.ch\/index.php?rest_route=\/wp\/v2\/pages\/2","targetHints":{"allow":["GET"]}}],"collection":[{"href":"https:\/\/praxiskassi.ch\/index.php?rest_route=\/wp\/v2\/pages"}],"about":[{"href":"https:\/\/praxiskassi.ch\/index.php?rest_route=\/wp\/v2\/types\/page"}],"author":[{"embeddable":true,"href":"https:\/\/praxiskassi.ch\/index.php?rest_route=\/wp\/v2\/users\/1"}],"replies":[{"embeddable":true,"href":"https:\/\/praxiskassi.ch\/index.php?rest_route=%2Fwp%2Fv2%2Fcomments&post=2"}],"version-history":[{"count":5,"href":"https:\/\/praxiskassi.ch\/index.php?rest_route=\/wp\/v2\/pages\/2\/revisions"}],"predecessor-version":[{"id":93,"href":"https:\/\/praxiskassi.ch\/index.php?rest_route=\/wp\/v2\/pages\/2\/revisions\/93"}],"wp:attachment":[{"href":"https:\/\/praxiskassi.ch\/index.php?rest_route=%2Fwp%2Fv2%2Fmedia&parent=2"}],"curies":[{"name":"wp","href":"https:\/\/api.w.org\/{rel}","templated":true}]}}